{"id":494,"date":"2021-11-01T14:28:52","date_gmt":"2021-11-01T14:28:52","guid":{"rendered":"https:\/\/demo.athemes.com\/sydney-main\/?page_id=494"},"modified":"2026-02-12T22:04:56","modified_gmt":"2026-02-12T22:04:56","slug":"portfolio","status":"publish","type":"page","link":"https:\/\/zr-keramik.ch\/index.php\/portfolio\/","title":{"rendered":"Portfolio"},"content":{"rendered":"\t\t<div data-elementor-type=\"wp-page\" data-elementor-id=\"494\" class=\"elementor elementor-494\">\n\t\t\t\t<div class=\"elementor-element elementor-element-1b170f1 e-con-full e-flex e-con e-parent\" data-id=\"1b170f1\" data-element_type=\"container\" data-e-type=\"container\">\n\t\t<div class=\"elementor-element elementor-element-775b2cd e-con-full e-flex e-con e-child\" data-id=\"775b2cd\" data-element_type=\"container\" data-e-type=\"container\">\n\t\t\t\t<div class=\"elementor-element elementor-element-317a3fb elementor-widget elementor-widget-image\" data-id=\"317a3fb\" data-element_type=\"widget\" data-e-type=\"widget\" data-widget_type=\"image.default\">\n\t\t\t\t\t\t\t\t\t\t\t\t\t\t\t<img fetchpriority=\"high\" decoding=\"async\" width=\"1920\" height=\"638\" src=\"https:\/\/zr-keramik.ch\/wp-content\/uploads\/2026\/02\/zr-keramik-gossau-gmbh.webp\" class=\"attachment-full size-full wp-image-989\" alt=\"\" srcset=\"https:\/\/zr-keramik.ch\/wp-content\/uploads\/2026\/02\/zr-keramik-gossau-gmbh.webp 1920w, https:\/\/zr-keramik.ch\/wp-content\/uploads\/2026\/02\/zr-keramik-gossau-gmbh-300x100.webp 300w, https:\/\/zr-keramik.ch\/wp-content\/uploads\/2026\/02\/zr-keramik-gossau-gmbh-1024x340.webp 1024w, https:\/\/zr-keramik.ch\/wp-content\/uploads\/2026\/02\/zr-keramik-gossau-gmbh-768x255.webp 768w, https:\/\/zr-keramik.ch\/wp-content\/uploads\/2026\/02\/zr-keramik-gossau-gmbh-1536x510.webp 1536w, https:\/\/zr-keramik.ch\/wp-content\/uploads\/2026\/02\/zr-keramik-gossau-gmbh-1000x332.webp 1000w, https:\/\/zr-keramik.ch\/wp-content\/uploads\/2026\/02\/zr-keramik-gossau-gmbh-230x76.webp 230w, https:\/\/zr-keramik.ch\/wp-content\/uploads\/2026\/02\/zr-keramik-gossau-gmbh-350x116.webp 350w, https:\/\/zr-keramik.ch\/wp-content\/uploads\/2026\/02\/zr-keramik-gossau-gmbh-480x160.webp 480w\" sizes=\"(max-width: 1920px) 100vw, 1920px\" \/>\t\t\t\t\t\t\t\t\t\t\t\t\t\t\t<\/div>\n\t\t\t\t<\/div>\n\t\t\t\t<\/div>\n\t\t<div class=\"elementor-element elementor-element-c6717ed e-flex e-con-boxed e-con e-parent\" data-id=\"c6717ed\" data-element_type=\"container\" data-e-type=\"container\">\n\t\t\t\t\t<div class=\"e-con-inner\">\n\t\t<div class=\"elementor-element elementor-element-1d2a380 e-con-full e-flex e-con e-child\" data-id=\"1d2a380\" data-element_type=\"container\" data-e-type=\"container\">\n\t\t\t\t<div class=\"elementor-element elementor-element-05d07fb elementor-widget elementor-widget-image\" data-id=\"05d07fb\" data-element_type=\"widget\" data-e-type=\"widget\" data-widget_type=\"image.default\">\n\t\t\t\t\t\t\t\t\t\t\t\t\t\t\t\t<a href=\"https:\/\/zr-keramik.ch\/wp-content\/uploads\/2026\/02\/zr_keramik_fliesen_boden_verlegen-1024x683-1.jpg\" data-elementor-open-lightbox=\"yes\" data-elementor-lightbox-title=\"zr_keramik_fliesen_boden_verlegen-1024x683\" data-e-action-hash=\"#elementor-action%3Aaction%3Dlightbox%26settings%3DeyJpZCI6OTg3LCJ1cmwiOiJodHRwczpcL1wvenIta2VyYW1pay5jaFwvd3AtY29udGVudFwvdXBsb2Fkc1wvMjAyNlwvMDJcL3pyX2tlcmFtaWtfZmxpZXNlbl9ib2Rlbl92ZXJsZWdlbi0xMDI0eDY4My0xLmpwZyJ9\">\n\t\t\t\t\t\t\t<img decoding=\"async\" width=\"1024\" height=\"683\" src=\"https:\/\/zr-keramik.ch\/wp-content\/uploads\/2026\/02\/zr_keramik_fliesen_boden_verlegen-1024x683-1.jpg\" class=\"attachment-large size-large wp-image-987\" alt=\"\" srcset=\"https:\/\/zr-keramik.ch\/wp-content\/uploads\/2026\/02\/zr_keramik_fliesen_boden_verlegen-1024x683-1.jpg 1024w, https:\/\/zr-keramik.ch\/wp-content\/uploads\/2026\/02\/zr_keramik_fliesen_boden_verlegen-1024x683-1-300x200.jpg 300w, https:\/\/zr-keramik.ch\/wp-content\/uploads\/2026\/02\/zr_keramik_fliesen_boden_verlegen-1024x683-1-768x512.jpg 768w, https:\/\/zr-keramik.ch\/wp-content\/uploads\/2026\/02\/zr_keramik_fliesen_boden_verlegen-1024x683-1-1000x667.jpg 1000w, https:\/\/zr-keramik.ch\/wp-content\/uploads\/2026\/02\/zr_keramik_fliesen_boden_verlegen-1024x683-1-230x153.jpg 230w, https:\/\/zr-keramik.ch\/wp-content\/uploads\/2026\/02\/zr_keramik_fliesen_boden_verlegen-1024x683-1-350x233.jpg 350w, https:\/\/zr-keramik.ch\/wp-content\/uploads\/2026\/02\/zr_keramik_fliesen_boden_verlegen-1024x683-1-480x320.jpg 480w\" sizes=\"(max-width: 1024px) 100vw, 1024px\" \/>\t\t\t\t\t\t\t\t<\/a>\n\t\t\t\t\t\t\t\t\t\t\t\t\t\t\t<\/div>\n\t\t\t\t<\/div>\n\t\t<div class=\"elementor-element elementor-element-0cae639 e-con-full e-flex e-con e-child\" data-id=\"0cae639\" data-element_type=\"container\" data-e-type=\"container\">\n\t\t\t\t<div class=\"elementor-element elementor-element-0203a03 elementor-widget elementor-widget-heading\" data-id=\"0203a03\" data-element_type=\"widget\" data-e-type=\"widget\" data-widget_type=\"heading.default\">\n\t\t\t\t\t<h3 class=\"elementor-heading-title elementor-size-default\">Wir belegen<\/h3>\t\t\t\t<\/div>\n\t\t\t\t<div class=\"elementor-element elementor-element-16bc5bb elementor-widget elementor-widget-text-editor\" data-id=\"16bc5bb\" data-element_type=\"widget\" data-e-type=\"widget\" data-widget_type=\"text-editor.default\">\n\t\t\t\t\t\t\t\t\t<ul><li>Badezimmer \u2013 K\u00fcchenb\u00f6den und W\u00e4nde<\/li><li>Wohnraum \u2013 Schlafzimmerb\u00f6den<\/li><li>Treppen \u2013 Treppenh\u00e4user<\/li><li>Balkone und Terrassen<\/li><li>Keller \u2013 Estrichr\u00e4ume<\/li><li>Hotel \u2013 Gastronomiefl\u00e4chen<\/li><li>B\u00fcro<\/li><li>Gewerbe \u2013 Industrier\u00e4umen<\/li><li>Hallen \u2013\u00a0Freib\u00e4der<\/li><li>Garten \u2013 Freizeitanlagen<\/li><li>Neubau \u2013 Umbau<\/li><\/ul>\t\t\t\t\t\t\t\t<\/div>\n\t\t\t\t<div class=\"elementor-element elementor-element-9f7b900 elementor-widget elementor-widget-heading\" data-id=\"9f7b900\" data-element_type=\"widget\" data-e-type=\"widget\" data-widget_type=\"heading.default\">\n\t\t\t\t\t<h3 class=\"elementor-heading-title elementor-size-default\">Bei uns k\u00f6nnen Sie sich \u00fcber m\u00f6gliche Materialvarianten beraten lassen.\n<\/h3>\t\t\t\t<\/div>\n\t\t\t\t<div class=\"elementor-element elementor-element-fc9d7b0 elementor-widget elementor-widget-image\" data-id=\"fc9d7b0\" data-element_type=\"widget\" data-e-type=\"widget\" data-widget_type=\"image.default\">\n\t\t\t\t\t\t\t\t\t\t\t\t\t\t\t\t<a href=\"https:\/\/zr-keramik.ch\/wp-content\/uploads\/2026\/02\/zr-keramik_Fliesen-muster_gmbh-1024x576-1.jpg\" data-elementor-open-lightbox=\"yes\" data-elementor-lightbox-title=\"zr-keramik_Fliesen-muster_gmbh-1024x576\" data-e-action-hash=\"#elementor-action%3Aaction%3Dlightbox%26settings%3DeyJpZCI6OTg4LCJ1cmwiOiJodHRwczpcL1wvenIta2VyYW1pay5jaFwvd3AtY29udGVudFwvdXBsb2Fkc1wvMjAyNlwvMDJcL3pyLWtlcmFtaWtfRmxpZXNlbi1tdXN0ZXJfZ21iaC0xMDI0eDU3Ni0xLmpwZyJ9\">\n\t\t\t\t\t\t\t<img decoding=\"async\" width=\"1024\" height=\"576\" src=\"https:\/\/zr-keramik.ch\/wp-content\/uploads\/2026\/02\/zr-keramik_Fliesen-muster_gmbh-1024x576-1.jpg\" class=\"attachment-large size-large wp-image-988\" alt=\"\" srcset=\"https:\/\/zr-keramik.ch\/wp-content\/uploads\/2026\/02\/zr-keramik_Fliesen-muster_gmbh-1024x576-1.jpg 1024w, https:\/\/zr-keramik.ch\/wp-content\/uploads\/2026\/02\/zr-keramik_Fliesen-muster_gmbh-1024x576-1-300x169.jpg 300w, https:\/\/zr-keramik.ch\/wp-content\/uploads\/2026\/02\/zr-keramik_Fliesen-muster_gmbh-1024x576-1-768x432.jpg 768w, https:\/\/zr-keramik.ch\/wp-content\/uploads\/2026\/02\/zr-keramik_Fliesen-muster_gmbh-1024x576-1-1000x563.jpg 1000w, https:\/\/zr-keramik.ch\/wp-content\/uploads\/2026\/02\/zr-keramik_Fliesen-muster_gmbh-1024x576-1-230x129.jpg 230w, https:\/\/zr-keramik.ch\/wp-content\/uploads\/2026\/02\/zr-keramik_Fliesen-muster_gmbh-1024x576-1-350x197.jpg 350w, https:\/\/zr-keramik.ch\/wp-content\/uploads\/2026\/02\/zr-keramik_Fliesen-muster_gmbh-1024x576-1-480x270.jpg 480w\" sizes=\"(max-width: 1024px) 100vw, 1024px\" \/>\t\t\t\t\t\t\t\t<\/a>\n\t\t\t\t\t\t\t\t\t\t\t\t\t\t\t<\/div>\n\t\t\t\t<div class=\"elementor-element elementor-element-349f231 elementor-widget elementor-widget-text-editor\" data-id=\"349f231\" data-element_type=\"widget\" data-e-type=\"widget\" data-widget_type=\"text-editor.default\">\n\t\t\t\t\t\t\t\t\t<ul><li>Keramik<\/li><li>Naturstein<\/li><li>Mosaik<\/li><li>Silikon<\/li><\/ul>\t\t\t\t\t\t\t\t<\/div>\n\t\t\t\t<\/div>\n\t\t\t\t\t<\/div>\n\t\t\t\t<\/div>\n\t\t\t\t<\/div>\n\t\t","protected":false},"excerpt":{"rendered":"<p>Wir belegen Badezimmer \u2013 K\u00fcchenb\u00f6den und W\u00e4nde Wohnraum \u2013 Schlafzimmerb\u00f6den Treppen \u2013 Treppenh\u00e4user Balkone und Terrassen Keller \u2013 Estrichr\u00e4ume Hotel \u2013 Gastronomiefl\u00e4chen [&hellip;]<\/p>\n","protected":false},"author":1,"featured_media":0,"parent":0,"menu_order":0,"comment_status":"closed","ping_status":"closed","template":"page-templates\/page_front-page.php","meta":{"footnotes":""},"class_list":["post-494","page","type-page","status-publish","hentry"],"_links":{"self":[{"href":"https:\/\/zr-keramik.ch\/index.php\/wp-json\/wp\/v2\/pages\/494","targetHints":{"allow":["GET"]}}],"collection":[{"href":"https:\/\/zr-keramik.ch\/index.php\/wp-json\/wp\/v2\/pages"}],"about":[{"href":"https:\/\/zr-keramik.ch\/index.php\/wp-json\/wp\/v2\/types\/page"}],"author":[{"embeddable":true,"href":"https:\/\/zr-keramik.ch\/index.php\/wp-json\/wp\/v2\/users\/1"}],"replies":[{"embeddable":true,"href":"https:\/\/zr-keramik.ch\/index.php\/wp-json\/wp\/v2\/comments?post=494"}],"version-history":[{"count":6,"href":"https:\/\/zr-keramik.ch\/index.php\/wp-json\/wp\/v2\/pages\/494\/revisions"}],"predecessor-version":[{"id":1008,"href":"https:\/\/zr-keramik.ch\/index.php\/wp-json\/wp\/v2\/pages\/494\/revisions\/1008"}],"wp:attachment":[{"href":"https:\/\/zr-keramik.ch\/index.php\/wp-json\/wp\/v2\/media?parent=494"}],"curies":[{"name":"wp","href":"https:\/\/api.w.org\/{rel}","templated":true}]}}